{"id":7,"date":"2017-02-16T11:36:08","date_gmt":"2017-02-16T11:36:08","guid":{"rendered":"http:\/\/www.electroteam.fi\/?page_id=7"},"modified":"2017-02-16T11:37:22","modified_gmt":"2017-02-16T11:37:22","slug":"foretaget-yritys","status":"publish","type":"page","link":"https:\/\/www.electroteam.fi\/?page_id=7","title":{"rendered":"F\u00f6retaget \/ Yritys"},"content":{"rendered":"<p>F\u00f6retaget <strong>Electro Team<\/strong> grundades 2005 och personalen omfattar 6-10 personer.<br \/>\nI v\u00e5r kundkrets \u00e5terfinns privat hush\u00e5ll, bostadsbolag, byggf\u00f6retag, industrier och v\u00e4xthus b\u00e5de med nya installationer och saneringsprojekt. V\u00e5rt m\u00e5l \u00e4r h\u00e5lla h\u00f6g standard p\u00e5 v\u00e5rt arbete.<\/p>\n<p>&#8212;&#8212;&#8212;-<\/p>\n<p>Yhti\u00f6 perustettiin 2005 ja henkil\u00f6st\u00f6\u00f6n kuuluu 6-10 henkil\u00f6lle. Asiakaskuntaan kuuluu kotitaloudet, asunto, rakennusliikkeet, tehtaat ja kasvihuoneet sek\u00e4uusia laitoksia ja kunnostushankkeita. Tavoitteenamme on suorittaa korkealaatuista ty\u00f6t\u00e4.<\/p>\n<p><strong>Referenser \/ Referenssit:\u00a0<\/strong><\/p>\n<ul>\n<li>Oy Sigg Plant Ab<\/li>\n<li>Handelstr\u00e4dg\u00e5rd Kurt Harf Ab<\/li>\n<li>Handelstr\u00e4dg\u00e5rd Martin Sigg Ab<\/li>\n<li>Andelslaget N\u00e4rpes Gr\u00f6nsaker<\/li>\n<li>S\u00f6derlunds Handelstr\u00e4dg\u00e5rd<\/li>\n<li>Topfood<\/li>\n<li>Caraway Finland Ab<\/li>\n<\/ul>\n<p>&nbsp;<\/p>\n<div id='gallery-1' class='gallery galleryid-7 gallery-columns-4 gallery-size-thumbnail'><figure class='gallery-item'>\n\t\t\t<div class='gallery-icon landscape'>\n\t\t\t\t<a href='https:\/\/www.electroteam.fi\/wp-content\/uploads\/2017\/02\/5212651_11_3_p.jpg'><img loading=\"lazy\" decoding=\"async\" width=\"150\" height=\"150\" src=\"https:\/\/www.electroteam.fi\/wp-content\/uploads\/2017\/02\/5212651_11_3_p-150x150.jpg\" class=\"attachment-thumbnail size-thumbnail\" alt=\"\" \/><\/a>\n\t\t\t<\/div><\/figure><figure class='gallery-item'>\n\t\t\t<div class='gallery-icon landscape'>\n\t\t\t\t<a href='https:\/\/www.electroteam.fi\/wp-content\/uploads\/2017\/02\/5212651_11_4_p.jpg'><img loading=\"lazy\" decoding=\"async\" width=\"150\" height=\"150\" src=\"https:\/\/www.electroteam.fi\/wp-content\/uploads\/2017\/02\/5212651_11_4_p-150x150.jpg\" class=\"attachment-thumbnail size-thumbnail\" alt=\"\" \/><\/a>\n\t\t\t<\/div><\/figure><figure class='gallery-item'>\n\t\t\t<div class='gallery-icon landscape'>\n\t\t\t\t<a href='https:\/\/www.electroteam.fi\/wp-content\/uploads\/2017\/02\/5212651_11_6_p.jpg'><img loading=\"lazy\" decoding=\"async\" width=\"150\" height=\"150\" src=\"https:\/\/www.electroteam.fi\/wp-content\/uploads\/2017\/02\/5212651_11_6_p-150x150.jpg\" class=\"attachment-thumbnail size-thumbnail\" alt=\"\" \/><\/a>\n\t\t\t<\/div><\/figure><figure class='gallery-item'>\n\t\t\t<div class='gallery-icon landscape'>\n\t\t\t\t<a href='https:\/\/www.electroteam.fi\/wp-content\/uploads\/2017\/02\/5212651_11_8_p.jpg'><img loading=\"lazy\" decoding=\"async\" width=\"150\" height=\"150\" src=\"https:\/\/www.electroteam.fi\/wp-content\/uploads\/2017\/02\/5212651_11_8_p-150x150.jpg\" class=\"attachment-thumbnail size-thumbnail\" alt=\"\" \/><\/a>\n\t\t\t<\/div><\/figure><figure class='gallery-item'>\n\t\t\t<div class='gallery-icon landscape'>\n\t\t\t\t<a href='https:\/\/www.electroteam.fi\/wp-content\/uploads\/2017\/02\/5212651_11_11_p.jpg'><img loading=\"lazy\" decoding=\"async\" width=\"150\" height=\"150\" src=\"https:\/\/www.electroteam.fi\/wp-content\/uploads\/2017\/02\/5212651_11_11_p-150x150.jpg\" class=\"attachment-thumbnail size-thumbnail\" alt=\"\" \/><\/a>\n\t\t\t<\/div><\/figure><figure class='gallery-item'>\n\t\t\t<div class='gallery-icon landscape'>\n\t\t\t\t<a href='https:\/\/www.electroteam.fi\/wp-content\/uploads\/2017\/02\/5212651_11_13_p.jpg'><img loading=\"lazy\" decoding=\"async\" width=\"150\" height=\"150\" src=\"https:\/\/www.electroteam.fi\/wp-content\/uploads\/2017\/02\/5212651_11_13_p-150x150.jpg\" class=\"attachment-thumbnail size-thumbnail\" alt=\"\" \/><\/a>\n\t\t\t<\/div><\/figure><figure class='gallery-item'>\n\t\t\t<div class='gallery-icon landscape'>\n\t\t\t\t<a href='https:\/\/www.electroteam.fi\/wp-content\/uploads\/2017\/02\/5212651_11_14_p.jpg'><img loading=\"lazy\" decoding=\"async\" width=\"150\" height=\"150\" src=\"https:\/\/www.electroteam.fi\/wp-content\/uploads\/2017\/02\/5212651_11_14_p-150x150.jpg\" class=\"attachment-thumbnail size-thumbnail\" alt=\"\" \/><\/a>\n\t\t\t<\/div><\/figure><figure class='gallery-item'>\n\t\t\t<div class='gallery-icon landscape'>\n\t\t\t\t<a href='https:\/\/www.electroteam.fi\/wp-content\/uploads\/2017\/02\/5212651_11_16_p.jpg'><img loading=\"lazy\" decoding=\"async\" width=\"150\" height=\"150\" src=\"https:\/\/www.electroteam.fi\/wp-content\/uploads\/2017\/02\/5212651_11_16_p-150x150.jpg\" class=\"attachment-thumbnail size-thumbnail\" alt=\"\" \/><\/a>\n\t\t\t<\/div><\/figure>\n\t\t<\/div>\n\n","protected":false},"excerpt":{"rendered":"<p>F\u00f6retaget Electro Team grundades 2005 och personalen omfattar 6-10 personer. I v\u00e5r kundkrets \u00e5terfinns privat hush\u00e5ll, bostadsbolag, byggf\u00f6retag, industrier och v\u00e4xthus b\u00e5de med nya installationer och saneringsprojekt. V\u00e5rt m\u00e5l \u00e4r h\u00e5lla h\u00f6g standard p\u00e5 v\u00e5rt arbete. &#8212;&#8212;&#8212;- Yhti\u00f6 perustettiin 2005 ja henkil\u00f6st\u00f6\u00f6n kuuluu 6-10 henkil\u00f6lle. Asiakaskuntaan kuuluu kotitaloudet, asunto, rakennusliikkeet, tehtaat ja kasvihuoneet sek\u00e4uusia laitoksia &hellip; <a href=\"https:\/\/www.electroteam.fi\/?page_id=7\" class=\"more-link\">Continue reading<span class=\"screen-reader-text\"> &#8220;F\u00f6retaget \/ Yritys&#8221;<\/span><\/a><\/p>\n","protected":false},"author":2,"featured_media":0,"parent":0,"menu_order":0,"comment_status":"closed","ping_status":"closed","template":"","meta":{"footnotes":""},"class_list":["post-7","page","type-page","status-publish","hentry"],"_links":{"self":[{"href":"https:\/\/www.electroteam.fi\/index.php?rest_route=\/wp\/v2\/pages\/7","targetHints":{"allow":["GET"]}}],"collection":[{"href":"https:\/\/www.electroteam.fi\/index.php?rest_route=\/wp\/v2\/pages"}],"about":[{"href":"https:\/\/www.electroteam.fi\/index.php?rest_route=\/wp\/v2\/types\/page"}],"author":[{"embeddable":true,"href":"https:\/\/www.electroteam.fi\/index.php?rest_route=\/wp\/v2\/users\/2"}],"replies":[{"embeddable":true,"href":"https:\/\/www.electroteam.fi\/index.php?rest_route=%2Fwp%2Fv2%2Fcomments&post=7"}],"version-history":[{"count":1,"href":"https:\/\/www.electroteam.fi\/index.php?rest_route=\/wp\/v2\/pages\/7\/revisions"}],"predecessor-version":[{"id":16,"href":"https:\/\/www.electroteam.fi\/index.php?rest_route=\/wp\/v2\/pages\/7\/revisions\/16"}],"wp:attachment":[{"href":"https:\/\/www.electroteam.fi\/index.php?rest_route=%2Fwp%2Fv2%2Fmedia&parent=7"}],"curies":[{"name":"wp","href":"https:\/\/api.w.org\/{rel}","templated":true}]}}